{"id":6220,"date":"2023-09-18T13:40:18","date_gmt":"2023-09-18T11:40:18","guid":{"rendered":"https:\/\/www.orizoconsult.com\/?page_id=6220"},"modified":"2024-09-12T00:02:47","modified_gmt":"2024-09-11T22:02:47","slug":"orizo-academy","status":"publish","type":"page","link":"https:\/\/www.orizoconsult.com\/es\/orizo-academy\/","title":{"rendered":"Orizo Academy"},"content":{"rendered":"\t\t<div data-elementor-type=\"wp-page\" data-elementor-id=\"6220\" class=\"elementor elementor-6220 elementor-4932\" data-elementor-post-type=\"page\">\n\t\t\t\t\t\t\t\t\t<section class=\"elementor-section elementor-top-section elementor-element elementor-element-88ffe31 elementor-section-boxed elementor-section-height-default elementor-section-height-default\" data-id=\"88ffe31\" data-element_type=\"section\">\n\t\t\t\t\t\t<div class=\"elementor-container elementor-column-gap-default\">\n\t\t\t\t\t<div class=\"elementor-column elementor-col-100 elementor-top-column elementor-element elementor-element-dba1c02\" data-id=\"dba1c02\" data-element_type=\"column\">\n\t\t\t<div class=\"elementor-widget-wrap elementor-element-populated\">\n\t\t\t\t\t\t\t\t<div class=\"elementor-element elementor-element-9569386 elementor-widget elementor-widget-heading\" data-id=\"9569386\" data-element_type=\"widget\" data-widget_type=\"heading.default\">\n\t\t\t\t<div class=\"elementor-widget-container\">\n\t\t\t<h2 class=\"elementor-heading-title elementor-size-default\">An\u00e1lisis de Retrasos de Vanguardia<\/h2>\t\t<\/div>\n\t\t\t\t<\/div>\n\t\t\t\t<div class=\"elementor-element elementor-element-806cd46 elementor-widget-divider--view-line elementor-widget elementor-widget-divider\" data-id=\"806cd46\" data-element_type=\"widget\" data-widget_type=\"divider.default\">\n\t\t\t\t<div class=\"elementor-widget-container\">\n\t\t\t\t\t<div class=\"elementor-divider\">\n\t\t\t<span class=\"elementor-divider-separator\">\n\t\t\t\t\t\t<\/span>\n\t\t<\/div>\n\t\t\t\t<\/div>\n\t\t\t\t<\/div>\n\t\t\t\t\t<\/div>\n\t\t<\/div>\n\t\t\t\t\t\t\t<\/div>\n\t\t<\/section>\n\t\t\t\t<section class=\"elementor-section elementor-top-section elementor-element elementor-element-bd8ac99 elementor-section-boxed elementor-section-height-default elementor-section-height-default\" data-id=\"bd8ac99\" data-element_type=\"section\">\n\t\t\t\t\t\t<div class=\"elementor-container elementor-column-gap-default\">\n\t\t\t\t\t<div class=\"elementor-column elementor-col-100 elementor-top-column elementor-element elementor-element-ecafce5\" data-id=\"ecafce5\" data-element_type=\"column\">\n\t\t\t<div class=\"elementor-widget-wrap elementor-element-populated\">\n\t\t\t\t\t\t\t\t<div class=\"elementor-element elementor-element-6553bc2 elementor-widget elementor-widget-text-editor\" data-id=\"6553bc2\" data-element_type=\"widget\" data-widget_type=\"text-editor.default\">\n\t\t\t\t<div class=\"elementor-widget-container\">\n\t\t\t\t\t\t\t<p>La visi\u00f3n de Orizo Consult &#8211; <strong>Cutting Edge Delay Analysis<\/strong> &#8211; es modernizar y normalizar la industria del an\u00e1lisis de retrasos para ofrecer <strong>Excelencia<\/strong>.<br \/>\nCreemos que esto puede lograrse mediante una combinaci\u00f3n de formaci\u00f3n acad\u00e9mica, adoptando la tecnolog\u00eda y emprendiendo amplias colaboraciones. <\/p>\n<p>Nuestros expertos y empleados reciben formaci\u00f3n peri\u00f3dica a trav\u00e9s de cursos certificados y sesiones internas. Ser un gran l\u00edder no s\u00f3lo depende del conocimiento, sino que tambi\u00e9n requiere la capacidad de <strong>inspirar<\/strong> y <strong>devolver<\/strong> ese <strong>conocimiento<\/strong>. <strong>Orizo Academy<\/strong> ofrece un conjunto de contenidos que hemos preparado especialmente para los entusiastas del <strong>An\u00e1lisis de Retrasos<\/strong> y del <strong>Arbitraje<\/strong>, con la ambici\u00f3n de informar y educar a todos los actores del sector.<\/p>\n\t\t\t\t\t\t<\/div>\n\t\t\t\t<\/div>\n\t\t\t\t\t<\/div>\n\t\t<\/div>\n\t\t\t\t\t\t\t<\/div>\n\t\t<\/section>\n\t\t\t\t<section class=\"elementor-section elementor-top-section elementor-element elementor-element-7c79aa6 elementor-section-boxed elementor-section-height-default elementor-section-height-default\" data-id=\"7c79aa6\" data-element_type=\"section\">\n\t\t\t\t\t\t<div class=\"elementor-container elementor-column-gap-default\">\n\t\t\t\t\t<div class=\"elementor-column elementor-col-100 elementor-top-column elementor-element elementor-element-2f5ae7b\" data-id=\"2f5ae7b\" data-element_type=\"column\">\n\t\t\t<div class=\"elementor-widget-wrap elementor-element-populated\">\n\t\t\t\t\t\t\t\t<div class=\"elementor-element elementor-element-18b9815 elementor-widget-divider--view-line elementor-widget elementor-widget-divider\" data-id=\"18b9815\" data-element_type=\"widget\" data-widget_type=\"divider.default\">\n\t\t\t\t<div class=\"elementor-widget-container\">\n\t\t\t\t\t<div class=\"elementor-divider\">\n\t\t\t<span class=\"elementor-divider-separator\">\n\t\t\t\t\t\t<\/span>\n\t\t<\/div>\n\t\t\t\t<\/div>\n\t\t\t\t<\/div>\n\t\t\t\t<div class=\"elementor-element elementor-element-5b74913 elementor-widget elementor-widget-heading\" data-id=\"5b74913\" data-element_type=\"widget\" data-widget_type=\"heading.default\">\n\t\t\t\t<div class=\"elementor-widget-container\">\n\t\t\t<h2 class=\"elementor-heading-title elementor-size-default\">Recursos de Orizo Academy<\/h2>\t\t<\/div>\n\t\t\t\t<\/div>\n\t\t\t\t<div class=\"elementor-element elementor-element-14fff81 elementor-widget-divider--view-line elementor-widget elementor-widget-divider\" data-id=\"14fff81\" data-element_type=\"widget\" data-widget_type=\"divider.default\">\n\t\t\t\t<div class=\"elementor-widget-container\">\n\t\t\t\t\t<div class=\"elementor-divider\">\n\t\t\t<span class=\"elementor-divider-separator\">\n\t\t\t\t\t\t<\/span>\n\t\t<\/div>\n\t\t\t\t<\/div>\n\t\t\t\t<\/div>\n\t\t\t\t\t<\/div>\n\t\t<\/div>\n\t\t\t\t\t\t\t<\/div>\n\t\t<\/section>\n\t\t\t\t<section class=\"elementor-section elementor-top-section elementor-element elementor-element-3f5b9c0 elementor-section-boxed elementor-section-height-default elementor-section-height-default\" data-id=\"3f5b9c0\" data-element_type=\"section\">\n\t\t\t\t\t\t<div class=\"elementor-container elementor-column-gap-wider\">\n\t\t\t\t\t<div class=\"elementor-column elementor-col-100 elementor-top-column elementor-element elementor-element-23037d5\" data-id=\"23037d5\" data-element_type=\"column\">\n\t\t\t<div class=\"elementor-widget-wrap elementor-element-populated\">\n\t\t\t\t\t\t\t\t<section class=\"elementor-section elementor-inner-section elementor-element elementor-element-ae12239 elementor-section-boxed elementor-section-height-default elementor-section-height-default\" data-id=\"ae12239\" data-element_type=\"section\">\n\t\t\t\t\t\t<div class=\"elementor-container elementor-column-gap-default\">\n\t\t\t\t\t<div class=\"elementor-column elementor-col-50 elementor-inner-column elementor-element elementor-element-a3fb183\" data-id=\"a3fb183\" data-element_type=\"column\">\n\t\t\t<div class=\"elementor-widget-wrap elementor-element-populated\">\n\t\t\t\t\t\t\t\t<div class=\"elementor-element elementor-element-2b64b8f elementor-widget elementor-widget-image\" data-id=\"2b64b8f\" data-element_type=\"widget\" data-widget_type=\"image.default\">\n\t\t\t\t<div class=\"elementor-widget-container\">\n\t\t\t\t\t\t\t\t\t\t\t\t\t\t\t<img loading=\"lazy\" decoding=\"async\" width=\"1536\" height=\"1536\" src=\"https:\/\/www.orizoconsult.com\/wp-content\/uploads\/2024\/07\/OCI_Avatar_Gold-1536x1536.png\" class=\"attachment-1536x1536 size-1536x1536 wp-image-8559\" alt=\"\" srcset=\"https:\/\/www.orizoconsult.com\/wp-content\/uploads\/2024\/07\/OCI_Avatar_Gold-1536x1536.png 1536w, https:\/\/www.orizoconsult.com\/wp-content\/uploads\/2024\/07\/OCI_Avatar_Gold-300x300.png 300w, https:\/\/www.orizoconsult.com\/wp-content\/uploads\/2024\/07\/OCI_Avatar_Gold-1024x1024.png 1024w, https:\/\/www.orizoconsult.com\/wp-content\/uploads\/2024\/07\/OCI_Avatar_Gold-150x150.png 150w, https:\/\/www.orizoconsult.com\/wp-content\/uploads\/2024\/07\/OCI_Avatar_Gold-768x768.png 768w, https:\/\/www.orizoconsult.com\/wp-content\/uploads\/2024\/07\/OCI_Avatar_Gold-2048x2048.png 2048w\" sizes=\"auto, (max-width: 1536px) 100vw, 1536px\" \/>\t\t\t\t\t\t\t\t\t\t\t\t\t\t\t<\/div>\n\t\t\t\t<\/div>\n\t\t\t\t<div class=\"elementor-element elementor-element-53570fb elementor-align-center elementor-widget elementor-widget-button\" data-id=\"53570fb\" data-element_type=\"widget\" data-widget_type=\"button.default\">\n\t\t\t\t<div class=\"elementor-widget-container\">\n\t\t\t\t\t<div class=\"elementor-button-wrapper\">\n\t\t\t<a class=\"elementor-button elementor-button-link elementor-size-sm\" href=\"\/links\/bt\/orizo-academy\/delay-analysis-101\/\">\n\t\t\t\t\t\t<span class=\"elementor-button-content-wrapper\">\n\t\t\t\t\t\t<span class=\"elementor-button-icon elementor-align-icon-left\">\n\t\t\t\t<i aria-hidden=\"true\" class=\"fab fa-linkedin\"><\/i>\t\t\t<\/span>\n\t\t\t\t\t\t<span class=\"elementor-button-text\">Visitar la Newsletter<\/span>\n\t\t<\/span>\n\t\t\t\t\t<\/a>\n\t\t<\/div>\n\t\t\t\t<\/div>\n\t\t\t\t<\/div>\n\t\t\t\t\t<\/div>\n\t\t<\/div>\n\t\t\t\t<div class=\"elementor-column elementor-col-50 elementor-inner-column elementor-element elementor-element-acef35d\" data-id=\"acef35d\" data-element_type=\"column\">\n\t\t\t<div class=\"elementor-widget-wrap elementor-element-populated\">\n\t\t\t\t\t\t\t\t<div class=\"elementor-element elementor-element-ba1c3dc elementor-widget elementor-widget-heading\" data-id=\"ba1c3dc\" data-element_type=\"widget\" data-widget_type=\"heading.default\">\n\t\t\t\t<div class=\"elementor-widget-container\">\n\t\t\t<h4 class=\"elementor-heading-title elementor-size-default\">Newsletter - Delay Analysis 101 Series<\/h4>\t\t<\/div>\n\t\t\t\t<\/div>\n\t\t\t\t<div class=\"elementor-element elementor-element-0cd4dbd elementor-widget elementor-widget-heading\" data-id=\"0cd4dbd\" data-element_type=\"widget\" data-widget_type=\"heading.default\">\n\t\t\t\t<div class=\"elementor-widget-container\">\n\t\t\t<h5 class=\"elementor-heading-title elementor-size-default\"><a href=\"https:\/\/www.linkedin.com\/newsletters\/delay-analysis-101-7002958232218419201\/\">Conceptos y t\u00e9cnicas clave de an\u00e1lisis de retrasos para profesionales no especializados, como abogados o gestores de contratos.<\/a><\/h5>\t\t<\/div>\n\t\t\t\t<\/div>\n\t\t\t\t<div class=\"elementor-element elementor-element-02217a3 elementor-widget elementor-widget-text-editor\" data-id=\"02217a3\" data-element_type=\"widget\" data-widget_type=\"text-editor.default\">\n\t\t\t\t<div class=\"elementor-widget-container\">\n\t\t\t\t\t\t\t<p>Esta newsletter se presenta como una serie de ensayos cuyo objetivo es <b>presentar conceptos<\/b> y <b>t\u00e9cnicas clave de an\u00e1lisis de retrasos<\/b> a personas no especializadas, como abogados, asesores internos, programadores, gestores de contratos o directores de proyectos. Esperamos publicar dos veces por trimestre, quiz\u00e1 con algo m\u00e1s de frecuencia cuando el equipo se sienta inspirado.<\/p>\n<p>El contenido se mantiene intencionadamente a <b>alto nivel<\/b>. Tambi\u00e9n ofrecemos nuestra serie Cutting-Edge, que se dirige a un p\u00fablico m\u00e1s especializado abordando temas de an\u00e1lisis de retrasos con mayor profundidad.<\/p>\t\t\t\t\t\t<\/div>\n\t\t\t\t<\/div>\n\t\t\t\t\t<\/div>\n\t\t<\/div>\n\t\t\t\t\t\t\t<\/div>\n\t\t<\/section>\n\t\t\t\t<div class=\"elementor-element elementor-element-48296e5 elementor-widget elementor-widget-spacer\" data-id=\"48296e5\" data-element_type=\"widget\" data-widget_type=\"spacer.default\">\n\t\t\t\t<div class=\"elementor-widget-container\">\n\t\t\t\t\t<div class=\"elementor-spacer\">\n\t\t\t<div class=\"elementor-spacer-inner\"><\/div>\n\t\t<\/div>\n\t\t\t\t<\/div>\n\t\t\t\t<\/div>\n\t\t\t\t<section class=\"elementor-section elementor-inner-section elementor-element elementor-element-9e3932a elementor-section-boxed elementor-section-height-default elementor-section-height-default\" data-id=\"9e3932a\" data-element_type=\"section\">\n\t\t\t\t\t\t<div class=\"elementor-container elementor-column-gap-default\">\n\t\t\t\t\t<div class=\"elementor-column elementor-col-50 elementor-inner-column elementor-element elementor-element-7d21501\" data-id=\"7d21501\" data-element_type=\"column\">\n\t\t\t<div class=\"elementor-widget-wrap elementor-element-populated\">\n\t\t\t\t\t\t\t\t<div class=\"elementor-element elementor-element-da4110b elementor-widget elementor-widget-image\" data-id=\"da4110b\" data-element_type=\"widget\" data-widget_type=\"image.default\">\n\t\t\t\t<div class=\"elementor-widget-container\">\n\t\t\t\t\t\t\t\t\t\t\t\t\t\t\t<img loading=\"lazy\" decoding=\"async\" width=\"1536\" height=\"1536\" src=\"https:\/\/www.orizoconsult.com\/wp-content\/uploads\/2024\/07\/OCI_Avatar_Rubine-1536x1536.png\" class=\"attachment-1536x1536 size-1536x1536 wp-image-8556\" alt=\"\" srcset=\"https:\/\/www.orizoconsult.com\/wp-content\/uploads\/2024\/07\/OCI_Avatar_Rubine-1536x1536.png 1536w, https:\/\/www.orizoconsult.com\/wp-content\/uploads\/2024\/07\/OCI_Avatar_Rubine-300x300.png 300w, https:\/\/www.orizoconsult.com\/wp-content\/uploads\/2024\/07\/OCI_Avatar_Rubine-1024x1024.png 1024w, https:\/\/www.orizoconsult.com\/wp-content\/uploads\/2024\/07\/OCI_Avatar_Rubine-150x150.png 150w, https:\/\/www.orizoconsult.com\/wp-content\/uploads\/2024\/07\/OCI_Avatar_Rubine-768x768.png 768w, https:\/\/www.orizoconsult.com\/wp-content\/uploads\/2024\/07\/OCI_Avatar_Rubine-2048x2048.png 2048w\" sizes=\"auto, (max-width: 1536px) 100vw, 1536px\" \/>\t\t\t\t\t\t\t\t\t\t\t\t\t\t\t<\/div>\n\t\t\t\t<\/div>\n\t\t\t\t<div class=\"elementor-element elementor-element-559e59c elementor-align-center elementor-widget elementor-widget-button\" data-id=\"559e59c\" data-element_type=\"widget\" data-widget_type=\"button.default\">\n\t\t\t\t<div class=\"elementor-widget-container\">\n\t\t\t\t\t<div class=\"elementor-button-wrapper\">\n\t\t\t<a class=\"elementor-button elementor-button-link elementor-size-sm\" href=\"\/links\/bt\/orizo-academy\/cutting-edge-series\">\n\t\t\t\t\t\t<span class=\"elementor-button-content-wrapper\">\n\t\t\t\t\t\t<span class=\"elementor-button-icon elementor-align-icon-left\">\n\t\t\t\t<i aria-hidden=\"true\" class=\"fab fa-linkedin\"><\/i>\t\t\t<\/span>\n\t\t\t\t\t\t<span class=\"elementor-button-text\">Visitar la Newsletter<\/span>\n\t\t<\/span>\n\t\t\t\t\t<\/a>\n\t\t<\/div>\n\t\t\t\t<\/div>\n\t\t\t\t<\/div>\n\t\t\t\t\t<\/div>\n\t\t<\/div>\n\t\t\t\t<div class=\"elementor-column elementor-col-50 elementor-inner-column elementor-element elementor-element-2860457\" data-id=\"2860457\" data-element_type=\"column\">\n\t\t\t<div class=\"elementor-widget-wrap elementor-element-populated\">\n\t\t\t\t\t\t\t\t<div class=\"elementor-element elementor-element-ca98447 elementor-widget elementor-widget-heading\" data-id=\"ca98447\" data-element_type=\"widget\" data-widget_type=\"heading.default\">\n\t\t\t\t<div class=\"elementor-widget-container\">\n\t\t\t<h4 class=\"elementor-heading-title elementor-size-default\">Newsletter - Cutting Edge Delay Analysis Series<\/h4>\t\t<\/div>\n\t\t\t\t<\/div>\n\t\t\t\t<div class=\"elementor-element elementor-element-84a20bb elementor-widget elementor-widget-heading\" data-id=\"84a20bb\" data-element_type=\"widget\" data-widget_type=\"heading.default\">\n\t\t\t\t<div class=\"elementor-widget-container\">\n\t\t\t<h5 class=\"elementor-heading-title elementor-size-default\"><a href=\"https:\/\/www.linkedin.com\/newsletters\/cutting-edge-delay-analysis-7021095885036003328\/\">Conocimientos t\u00e9cnicos profundos sobre temas avanzados de an\u00e1lisis de retrasos en la construcci\u00f3n para expertos y consultores.<\/a><\/h5>\t\t<\/div>\n\t\t\t\t<\/div>\n\t\t\t\t<div class=\"elementor-element elementor-element-deb4f14 elementor-widget elementor-widget-text-editor\" data-id=\"deb4f14\" data-element_type=\"widget\" data-widget_type=\"text-editor.default\">\n\t\t\t\t<div class=\"elementor-widget-container\">\n\t\t\t\t\t\t\t<p>El objetivo de esta newsletter es ofrecer una visi\u00f3n t\u00e9cnica en profundidad de temas avanzados relacionados con el an\u00e1lisis de los retrasos en la construcci\u00f3n, as\u00ed como un foro de debate entre especialistas. Esta serie va dirigida tanto a <b>expertos en la materia<\/b> como a profesionales con menos experiencia que deseen <b>mejorar sus conocimientos y competencias<\/b>. Los abogados y los asesores internos tambi\u00e9n pueden beneficiarse del contenido, aunque hay que se\u00f1alar que los art\u00edculos est\u00e1n orientados a quienes tienen <b>formaci\u00f3n en ingenier\u00eda<\/b>.<\/p>\n<p id=\"ember280\" class=\"ember-view reader-content-blocks__paragraph\"><b>Dirigido por<\/b> nuestro fundador <b>Ama\u00ebl Olivier<\/b>, esperamos publicar una o dos veces por trimestre, quiz\u00e1 con algo m\u00e1s de frecuencia cuando la inspiraci\u00f3n est\u00e9 alta. Tambi\u00e9n buscamos <b>colaboradores<\/b>; si ejerce como experto en solitario o dentro de una estructura m\u00e1s amplia, p\u00f3ngase en contacto con nosotros si desea colaborar.<\/p>\n<p id=\"ember280\" class=\"ember-view reader-content-blocks__paragraph\">Los primeros art\u00edculos de la serie iban a centrarse originalmente en el an\u00e1lisis de retrasos. Sin embargo, debido al abrumador n\u00famero de peticiones de amigos, colegas y compa\u00f1eros, hemos decidido iniciar la serie con un debate sobre la IA, en particular sobre los grandes modelos ling\u00fc\u00edsticos (LLM) como GPT y su caso de uso m\u00e1s popular: <b>Chat GPT<\/b>. Equipados con Orizo Software -nuestra divisi\u00f3n centrada en la productividad-, siempre estamos atentos a los nuevos avances en tecnolog\u00eda de IA. Experto en retrasos en la construcci\u00f3n en Orizo Consult y Director T\u00e9cnico de Orizo Software, Ama\u00ebl Olivier comparte una visi\u00f3n multidisciplinar de la <b>IA moderna<\/b>, su papel potencial en el an\u00e1lisis de retrasos y, m\u00e1s en general, en el mundo de la <b>consultor\u00eda forense<\/b>.<\/p>\n\t\t\t\t\t\t<\/div>\n\t\t\t\t<\/div>\n\t\t\t\t\t<\/div>\n\t\t<\/div>\n\t\t\t\t\t\t\t<\/div>\n\t\t<\/section>\n\t\t\t\t\t<\/div>\n\t\t<\/div>\n\t\t\t\t\t\t\t<\/div>\n\t\t<\/section>\n\t\t\t\t\t\t\t<\/div>\n\t\t","protected":false},"excerpt":{"rendered":"<p>An\u00e1lisis de Retrasos de Vanguardia La visi\u00f3n de Orizo Consult &#8211; Cutting Edge Delay Analysis &#8211; es modernizar y normalizar la industria del an\u00e1lisis de retrasos para ofrecer Excelencia. Creemos que esto puede lograrse mediante una combinaci\u00f3n de formaci\u00f3n acad\u00e9mica, adoptando la tecnolog\u00eda y emprendiendo amplias colaboraciones. Nuestros expertos y empleados reciben formaci\u00f3n peri\u00f3dica a&hellip;<\/p>\n","protected":false},"author":5,"featured_media":7405,"parent":0,"menu_order":10,"comment_status":"closed","ping_status":"closed","template":"template-microsite.php","meta":{"_monsterinsights_skip_tracking":false,"_monsterinsights_sitenote_active":false,"_monsterinsights_sitenote_note":"","_monsterinsights_sitenote_category":0,"footnotes":""},"class_list":["post-6220","page","type-page","status-publish","has-post-thumbnail","hentry"],"yoast_head":"<!-- This site is optimized with the Yoast SEO plugin v21.1 - https:\/\/yoast.com\/wordpress\/plugins\/seo\/ -->\n<title>Orizo Academy | Orizo Consult<\/title>\n<meta name=\"robots\" content=\"index, follow, max-snippet:-1, max-image-preview:large, max-video-preview:-1\" \/>\n<link rel=\"canonical\" href=\"https:\/\/www.orizoconsult.com\/es\/orizo-academy\/\" \/>\n<meta property=\"og:locale\" content=\"es_ES\" \/>\n<meta property=\"og:type\" content=\"article\" \/>\n<meta property=\"og:title\" content=\"Orizo Academy | Orizo Consult\" \/>\n<meta property=\"og:description\" content=\"An\u00e1lisis de Retrasos de Vanguardia La visi\u00f3n de Orizo Consult &#8211; Cutting Edge Delay Analysis &#8211; es modernizar y normalizar la industria del an\u00e1lisis de retrasos para ofrecer Excelencia. Creemos que esto puede lograrse mediante una combinaci\u00f3n de formaci\u00f3n acad\u00e9mica, adoptando la tecnolog\u00eda y emprendiendo amplias colaboraciones. Nuestros expertos y empleados reciben formaci\u00f3n peri\u00f3dica a&hellip;\" \/>\n<meta property=\"og:url\" content=\"https:\/\/www.orizoconsult.com\/es\/orizo-academy\/\" \/>\n<meta property=\"og:site_name\" content=\"Orizo Consult\" \/>\n<meta property=\"article:modified_time\" content=\"2024-09-11T22:02:47+00:00\" \/>\n<meta property=\"og:image\" content=\"https:\/\/www.orizoconsult.com\/wp-content\/uploads\/2023\/09\/pexels-berti-weber-2404185-scaled-e1694884702168.jpg\" \/>\n\t<meta property=\"og:image:width\" content=\"2048\" \/>\n\t<meta property=\"og:image:height\" content=\"2560\" \/>\n\t<meta property=\"og:image:type\" content=\"image\/jpeg\" \/>\n<meta name=\"twitter:card\" content=\"summary_large_image\" \/>\n<meta name=\"twitter:label1\" content=\"Tiempo de lectura\" \/>\n\t<meta name=\"twitter:data1\" content=\"3 minutos\" \/>\n<script type=\"application\/ld+json\" class=\"yoast-schema-graph\">{\"@context\":\"https:\/\/schema.org\",\"@graph\":[{\"@type\":\"WebPage\",\"@id\":\"https:\/\/www.orizoconsult.com\/es\/orizo-academy\/\",\"url\":\"https:\/\/www.orizoconsult.com\/es\/orizo-academy\/\",\"name\":\"Orizo Academy | Orizo Consult\",\"isPartOf\":{\"@id\":\"https:\/\/www.orizoconsult.com\/es\/#website\"},\"datePublished\":\"2023-09-18T11:40:18+00:00\",\"dateModified\":\"2024-09-11T22:02:47+00:00\",\"breadcrumb\":{\"@id\":\"https:\/\/www.orizoconsult.com\/es\/orizo-academy\/#breadcrumb\"},\"inLanguage\":\"es\",\"potentialAction\":[{\"@type\":\"ReadAction\",\"target\":[\"https:\/\/www.orizoconsult.com\/es\/orizo-academy\/\"]}]},{\"@type\":\"BreadcrumbList\",\"@id\":\"https:\/\/www.orizoconsult.com\/es\/orizo-academy\/#breadcrumb\",\"itemListElement\":[{\"@type\":\"ListItem\",\"position\":1,\"name\":\"Home\",\"item\":\"https:\/\/www.orizoconsult.com\/es\/home\/\"},{\"@type\":\"ListItem\",\"position\":2,\"name\":\"Orizo Academy\"}]},{\"@type\":\"WebSite\",\"@id\":\"https:\/\/www.orizoconsult.com\/es\/#website\",\"url\":\"https:\/\/www.orizoconsult.com\/es\/\",\"name\":\"Orizo Consult\",\"description\":\"Cutting Edge Expert Services\",\"publisher\":{\"@id\":\"https:\/\/www.orizoconsult.com\/es\/#organization\"},\"potentialAction\":[{\"@type\":\"SearchAction\",\"target\":{\"@type\":\"EntryPoint\",\"urlTemplate\":\"https:\/\/www.orizoconsult.com\/es\/?s={search_term_string}\"},\"query-input\":\"required name=search_term_string\"}],\"inLanguage\":\"es\"},{\"@type\":\"Organization\",\"@id\":\"https:\/\/www.orizoconsult.com\/es\/#organization\",\"name\":\"Orizo Consult\",\"url\":\"https:\/\/www.orizoconsult.com\/es\/\",\"logo\":{\"@type\":\"ImageObject\",\"inLanguage\":\"es\",\"@id\":\"https:\/\/www.orizoconsult.com\/es\/#\/schema\/logo\/image\/\",\"url\":\"https:\/\/www.orizoconsult.com\/wp-content\/uploads\/2021\/07\/Main-Horizontal-2.png\",\"contentUrl\":\"https:\/\/www.orizoconsult.com\/wp-content\/uploads\/2021\/07\/Main-Horizontal-2.png\",\"width\":300,\"height\":105,\"caption\":\"Orizo Consult\"},\"image\":{\"@id\":\"https:\/\/www.orizoconsult.com\/es\/#\/schema\/logo\/image\/\"},\"sameAs\":[\"https:\/\/es.linkedin.com\/company\/orizo-consult\"]}]}<\/script>\n<!-- \/ Yoast SEO plugin. -->","yoast_head_json":{"title":"Orizo Academy | Orizo Consult","robots":{"index":"index","follow":"follow","max-snippet":"max-snippet:-1","max-image-preview":"max-image-preview:large","max-video-preview":"max-video-preview:-1"},"canonical":"https:\/\/www.orizoconsult.com\/es\/orizo-academy\/","og_locale":"es_ES","og_type":"article","og_title":"Orizo Academy | Orizo Consult","og_description":"An\u00e1lisis de Retrasos de Vanguardia La visi\u00f3n de Orizo Consult &#8211; Cutting Edge Delay Analysis &#8211; es modernizar y normalizar la industria del an\u00e1lisis de retrasos para ofrecer Excelencia. Creemos que esto puede lograrse mediante una combinaci\u00f3n de formaci\u00f3n acad\u00e9mica, adoptando la tecnolog\u00eda y emprendiendo amplias colaboraciones. Nuestros expertos y empleados reciben formaci\u00f3n peri\u00f3dica a&hellip;","og_url":"https:\/\/www.orizoconsult.com\/es\/orizo-academy\/","og_site_name":"Orizo Consult","article_modified_time":"2024-09-11T22:02:47+00:00","og_image":[{"width":2048,"height":2560,"url":"https:\/\/www.orizoconsult.com\/wp-content\/uploads\/2023\/09\/pexels-berti-weber-2404185-scaled-e1694884702168.jpg","type":"image\/jpeg"}],"twitter_card":"summary_large_image","twitter_misc":{"Tiempo de lectura":"3 minutos"},"schema":{"@context":"https:\/\/schema.org","@graph":[{"@type":"WebPage","@id":"https:\/\/www.orizoconsult.com\/es\/orizo-academy\/","url":"https:\/\/www.orizoconsult.com\/es\/orizo-academy\/","name":"Orizo Academy | Orizo Consult","isPartOf":{"@id":"https:\/\/www.orizoconsult.com\/es\/#website"},"datePublished":"2023-09-18T11:40:18+00:00","dateModified":"2024-09-11T22:02:47+00:00","breadcrumb":{"@id":"https:\/\/www.orizoconsult.com\/es\/orizo-academy\/#breadcrumb"},"inLanguage":"es","potentialAction":[{"@type":"ReadAction","target":["https:\/\/www.orizoconsult.com\/es\/orizo-academy\/"]}]},{"@type":"BreadcrumbList","@id":"https:\/\/www.orizoconsult.com\/es\/orizo-academy\/#breadcrumb","itemListElement":[{"@type":"ListItem","position":1,"name":"Home","item":"https:\/\/www.orizoconsult.com\/es\/home\/"},{"@type":"ListItem","position":2,"name":"Orizo Academy"}]},{"@type":"WebSite","@id":"https:\/\/www.orizoconsult.com\/es\/#website","url":"https:\/\/www.orizoconsult.com\/es\/","name":"Orizo Consult","description":"Cutting Edge Expert Services","publisher":{"@id":"https:\/\/www.orizoconsult.com\/es\/#organization"},"potentialAction":[{"@type":"SearchAction","target":{"@type":"EntryPoint","urlTemplate":"https:\/\/www.orizoconsult.com\/es\/?s={search_term_string}"},"query-input":"required name=search_term_string"}],"inLanguage":"es"},{"@type":"Organization","@id":"https:\/\/www.orizoconsult.com\/es\/#organization","name":"Orizo Consult","url":"https:\/\/www.orizoconsult.com\/es\/","logo":{"@type":"ImageObject","inLanguage":"es","@id":"https:\/\/www.orizoconsult.com\/es\/#\/schema\/logo\/image\/","url":"https:\/\/www.orizoconsult.com\/wp-content\/uploads\/2021\/07\/Main-Horizontal-2.png","contentUrl":"https:\/\/www.orizoconsult.com\/wp-content\/uploads\/2021\/07\/Main-Horizontal-2.png","width":300,"height":105,"caption":"Orizo Consult"},"image":{"@id":"https:\/\/www.orizoconsult.com\/es\/#\/schema\/logo\/image\/"},"sameAs":["https:\/\/es.linkedin.com\/company\/orizo-consult"]}]}},"_links":{"self":[{"href":"https:\/\/www.orizoconsult.com\/es\/wp-json\/wp\/v2\/pages\/6220","targetHints":{"allow":["GET"]}}],"collection":[{"href":"https:\/\/www.orizoconsult.com\/es\/wp-json\/wp\/v2\/pages"}],"about":[{"href":"https:\/\/www.orizoconsult.com\/es\/wp-json\/wp\/v2\/types\/page"}],"author":[{"embeddable":true,"href":"https:\/\/www.orizoconsult.com\/es\/wp-json\/wp\/v2\/users\/5"}],"replies":[{"embeddable":true,"href":"https:\/\/www.orizoconsult.com\/es\/wp-json\/wp\/v2\/comments?post=6220"}],"version-history":[{"count":17,"href":"https:\/\/www.orizoconsult.com\/es\/wp-json\/wp\/v2\/pages\/6220\/revisions"}],"predecessor-version":[{"id":8985,"href":"https:\/\/www.orizoconsult.com\/es\/wp-json\/wp\/v2\/pages\/6220\/revisions\/8985"}],"wp:featuredmedia":[{"embeddable":true,"href":"https:\/\/www.orizoconsult.com\/es\/wp-json\/wp\/v2\/media\/7405"}],"wp:attachment":[{"href":"https:\/\/www.orizoconsult.com\/es\/wp-json\/wp\/v2\/media?parent=6220"}],"curies":[{"name":"wp","href":"https:\/\/api.w.org\/{rel}","templated":true}]}}